{"id":3334,"date":"2025-08-27T11:27:49","date_gmt":"2025-08-27T11:27:49","guid":{"rendered":"https:\/\/zurich.alexfuster.es\/?page_id=3334"},"modified":"2025-08-27T11:30:33","modified_gmt":"2025-08-27T11:30:33","slug":"avis-legal-2","status":"publish","type":"page","link":"https:\/\/zsbarcelona.com\/ca\/avis-legal-2\/","title":{"rendered":"Pol\u00edtica de Privadesa"},"content":{"rendered":"<div data-elementor-type=\"wp-page\" data-elementor-id=\"3334\" class=\"elementor elementor-3334\" data-elementor-post-type=\"page\">\n\t\t\t\t<div class=\"elementor-element elementor-element-dc91dd6 e-flex e-con-boxed e-con e-parent\" data-id=\"dc91dd6\" data-element_type=\"container\" data-settings=\"{&quot;background_background&quot;:&quot;classic&quot;,&quot;jet_parallax_layout_list&quot;:[]}\">\n\t\t\t\t\t<div class=\"e-con-inner\">\n\t\t\t\t<div class=\"elementor-element elementor-element-6ff1e4a elementor-widget elementor-widget-heading\" data-id=\"6ff1e4a\" data-element_type=\"widget\" data-widget_type=\"heading.default\">\n\t\t\t\t<div class=\"elementor-widget-container\">\n\t\t\t\t\t<h2 class=\"elementor-heading-title elementor-size-default\">Pol\u00edtica de Privadesa<\/h2>\t\t\t\t<\/div>\n\t\t\t\t<\/div>\n\t\t\t\t\t<\/div>\n\t\t\t\t<\/div>\n\t\t<div class=\"elementor-element elementor-element-116f233 e-flex e-con-boxed e-con e-parent\" data-id=\"116f233\" data-element_type=\"container\" data-settings=\"{&quot;jet_parallax_layout_list&quot;:[]}\">\n\t\t\t\t\t<div class=\"e-con-inner\">\n\t\t\t\t<div class=\"elementor-element elementor-element-115c282 elementor-widget elementor-widget-text-editor\" data-id=\"115c282\" data-element_type=\"widget\" data-widget_type=\"text-editor.default\">\n\t\t\t\t<div class=\"elementor-widget-container\">\n\t\t\t\t\t\t\t\t\t<p><strong>1. Pol\u00edtica de privadesa<\/strong><\/p><p>Z\u00dcRICH SCHULE BARCELONA, SL informa els usuaris del lloc web sobre la seva pol\u00edtica respecte del tractament i protecci\u00f3 de les dades de car\u00e0cter personal dels usuaris i clients que puguin ser demanats per la navegaci\u00f3 o sol\u00b7licitud d&#039;informaci\u00f3 a trav\u00e9s d&#039;aquest lloc web, aix\u00ed com de les dades personals de qu\u00e8 disposi Z\u00dcRICH SCHULE BARCELONA, SL recollides per qualsevol altre mitj\u00e0 o motiu.<br \/><br \/>En aquest sentit, Z\u00dcRICH SCHULE BARCELONA, SL garanteix el compliment de la normativa vigent en mat\u00e8ria de protecci\u00f3 de dades personals, reflectida al Reglament General de Protecci\u00f3 de Dades (UE) 2016\/679 i la Llei Org\u00e0nica 3\/2018 de Protecci\u00f3 de Dades i Garanties de Drets Digitals i manifesta el seu comprom\u00eds amb la conf.<\/p><p><strong>RESPONSABLE DEL TRACTAMENT:<\/strong><\/p><p>Z\u00dcRICH SCHULE BARCELONA, SL<br \/>Avinguda de Pearson, 73<br \/>08034 Barcelona<br \/>Tel\u00e8fon: +34 932 037 606<br \/>NIF: B65531329<\/p><p>Dades de contacte amb el Delegat de Protecci\u00f3 de Dades:\u00a0\u00a0<a href=\"mailto:secretaria@zurichschule.com\">secret\u00e0ria@zurichschule.com<\/a><br \/><br \/><\/p><p><strong>2. Recollida, finalitat i tractaments de dades<\/strong><\/p><p>Z\u00dcRICH SCHULE BARCELONA, SL t\u00e9 el deure d&#039;informar els usuaris del seu lloc web sobre la recollida de dades de car\u00e0cter personal que es poden dur a terme, ja sigui mitjan\u00e7ant l&#039;enviament d&#039;un correu electr\u00f2nic o en emplenar els formularis inclosos al lloc web. En aquest sentit, Z\u00dcRICH SCHULE BARCELONA, SL ser\u00e0 considerada Responsable del tractament de les dades recollides mitjan\u00e7ant els mitjans anteriorment descrits.<br \/><br \/>Alhora, Z\u00dcRICH SCHULE BARCELONA, SL informa els usuaris que la finalitat del tractament de les dades recollides contempla l&#039;atenci\u00f3 de sol\u00b7licituds realitzades pels usuaris, la inclusi\u00f3 a l&#039;agenda de contactes, la prestaci\u00f3 de serveis i la gesti\u00f3 de la relaci\u00f3 comercial, aix\u00ed com l&#039;enviament d&#039;informacions que tinguin relaci\u00f3 amb el servei rebut.<br \/><br \/>Les vostres dades seran degudament conservades i protegides contra p\u00e8rdua o alteraci\u00f3 de la d&#039;informaci\u00f3 i accessos no autoritzats mentre existeixi la relaci\u00f3 comercial i, una vegada finalitzada la mateixa, durant el temps necessari fins a la prescripci\u00f3 de responsabilitats, llevat que ens indiqueu el contrari i sempre que la normativa vigent permeti la supressi\u00f3 de les dades.<\/p><p>\u00a0<\/p><p><strong>3. Comunicaci\u00f3 d&#039;informaci\u00f3 a tercers<\/strong><br \/><br \/>Z\u00dcRICH SCHULE BARCELONA, SL informa els usuaris que les seves dades personals no seran cedides ni comunicades a terceres organitzacions, llevat que aquesta cessi\u00f3 de dades estigui emparada en una obligaci\u00f3 legal o quan la prestaci\u00f3 d&#039;un servei impliqui la necessitat d&#039;una relaci\u00f3 contractual amb un encarregat de tractament que haur\u00e0 estat degudament contractat amb totes les garanties 2016\/679.<\/p><p>\u00a0<\/p><p><strong>4. Drets dels usuaris<\/strong><br \/><br \/>El Reglament General de Protecci\u00f3 de Dades de Car\u00e0cter Personal (UE) 2016\/679 concedeix als interessats la possibilitat d&#039;exercir una s\u00e8rie de drets relacionats amb el tractament de les vostres dades personals.<\/p><p><br \/>Com que les dades de l&#039;usuari s\u00f3n objecte de tractament o s\u00f3n conservades per part de Z\u00dcRICH SCHULE BARCELONA, SL, els usuaris podran exercir els drets d&#039;acc\u00e9s, rectificaci\u00f3, supressi\u00f3, oposici\u00f3 i limitaci\u00f3 del tractament d&#039;acord amb all\u00f2 previst a la normativa legal vigent en mat\u00e8ria de protecci\u00f3 de dades personals.<br \/><br \/>Per fer \u00fas de l&#039;exercici d&#039;aquests drets, l&#039;usuari haur\u00e0 d&#039;adre\u00e7ar-se mitjan\u00e7ant comunicaci\u00f3 escrita a l&#039;adre\u00e7a seg\u00fcent: Z\u00dcRICH SCHULE BARCELONA, SL, Avinguda de Pearson, 73, 08034 Barcelona, o enviant un correu electr\u00f2nic a: secretaria@zurichschule.com, aportant fotoc\u00f2pia de la documentaci\u00f3 que acrediti la vostra identitat (DNI o passa-hi.<br \/><br \/>Aquesta comunicaci\u00f3 ha de reflectir la informaci\u00f3 seg\u00fcent: nom i cognoms de l&#039;usuari, el domicili i les dades acreditatives i la petici\u00f3 de sol\u00b7licitud del dret que vulgui exercir.<br \/><br \/>L&#039;exercici de drets l&#039;ha de fer el mateix usuari, el seu hereu o una persona autoritzada com a representant legal de l&#039;autoritzat. En aquest cas, cal aportar la documentaci\u00f3 que acrediti aquesta representaci\u00f3 de linteressat, acceptaci\u00f3 de lher\u00e8ncia o poders.<br \/><br \/>Tamb\u00e9 us informem que podeu presentar una reclamaci\u00f3 davant l&#039;Ag\u00e8ncia Espanyola de Protecci\u00f3 de Dades o l&#039;Autoritat Catalana de Protecci\u00f3 de Dades si considera que han estat vulnerats els seus drets.<\/p>\t\t\t\t\t\t\t\t<\/div>\n\t\t\t\t<\/div>\n\t\t\t\t\t<\/div>\n\t\t\t\t<\/div>\n\t\t\t\t<\/div>","protected":false},"excerpt":{"rendered":"<p>1. Pol\u00edtica de privacidad Z\u00dcRICH SCHULE BARCELONA, S.L. informa a los usuarios del sitio web sobre su pol\u00edtica respecto del tratamiento y protecci\u00f3n de los datos de car\u00e1cter personal de los usuarios y clientes que puedan ser recabados por la navegaci\u00f3n o solicitud de informaci\u00f3n a trav\u00e9s de este sitio web, as\u00ed como de los [&hellip;]<\/p>","protected":false},"author":1,"featured_media":0,"parent":0,"menu_order":0,"comment_status":"closed","ping_status":"closed","template":"","meta":{"footnotes":""},"class_list":["post-3334","page","type-page","status-publish","hentry"],"_links":{"self":[{"href":"https:\/\/zsbarcelona.com\/ca\/wp-json\/wp\/v2\/pages\/3334","targetHints":{"allow":["GET"]}}],"collection":[{"href":"https:\/\/zsbarcelona.com\/ca\/wp-json\/wp\/v2\/pages"}],"about":[{"href":"https:\/\/zsbarcelona.com\/ca\/wp-json\/wp\/v2\/types\/page"}],"author":[{"embeddable":true,"href":"https:\/\/zsbarcelona.com\/ca\/wp-json\/wp\/v2\/users\/1"}],"replies":[{"embeddable":true,"href":"https:\/\/zsbarcelona.com\/ca\/wp-json\/wp\/v2\/comments?post=3334"}],"version-history":[{"count":5,"href":"https:\/\/zsbarcelona.com\/ca\/wp-json\/wp\/v2\/pages\/3334\/revisions"}],"predecessor-version":[{"id":3339,"href":"https:\/\/zsbarcelona.com\/ca\/wp-json\/wp\/v2\/pages\/3334\/revisions\/3339"}],"wp:attachment":[{"href":"https:\/\/zsbarcelona.com\/ca\/wp-json\/wp\/v2\/media?parent=3334"}],"curies":[{"name":"wp","href":"https:\/\/api.w.org\/{rel}","templated":true}]}}