{"id":3340,"date":"2025-08-27T11:31:44","date_gmt":"2025-08-27T11:31:44","guid":{"rendered":"https:\/\/zsbarcelona.com\/?page_id=3340"},"modified":"2025-08-27T11:32:04","modified_gmt":"2025-08-27T11:32:04","slug":"politica-de-cookies","status":"publish","type":"page","link":"https:\/\/zsbarcelona.com\/ca\/politica-de-cookies\/","title":{"rendered":"Pol\u00edtica de Cookies"},"content":{"rendered":"<div data-elementor-type=\"wp-page\" data-elementor-id=\"3340\" class=\"elementor elementor-3340\" data-elementor-post-type=\"page\">\n\t\t\t\t<div class=\"elementor-element elementor-element-dc91dd6 e-flex e-con-boxed e-con e-parent\" data-id=\"dc91dd6\" data-element_type=\"container\" data-e-type=\"container\" data-settings=\"{&quot;background_background&quot;:&quot;classic&quot;,&quot;jet_parallax_layout_list&quot;:[]}\">\n\t\t\t\t\t<div class=\"e-con-inner\">\n\t\t\t\t<div class=\"elementor-element elementor-element-6ff1e4a elementor-widget elementor-widget-heading\" data-id=\"6ff1e4a\" data-element_type=\"widget\" data-e-type=\"widget\" data-widget_type=\"heading.default\">\n\t\t\t\t<div class=\"elementor-widget-container\">\n\t\t\t\t\t<h2 class=\"elementor-heading-title elementor-size-default\">Pol\u00edtica de Cookies<\/h2>\t\t\t\t<\/div>\n\t\t\t\t<\/div>\n\t\t\t\t\t<\/div>\n\t\t\t\t<\/div>\n\t\t<div class=\"elementor-element elementor-element-116f233 e-flex e-con-boxed e-con e-parent\" data-id=\"116f233\" data-element_type=\"container\" data-e-type=\"container\" data-settings=\"{&quot;jet_parallax_layout_list&quot;:[]}\">\n\t\t\t\t\t<div class=\"e-con-inner\">\n\t\t\t\t<div class=\"elementor-element elementor-element-115c282 elementor-widget elementor-widget-text-editor\" data-id=\"115c282\" data-element_type=\"widget\" data-e-type=\"widget\" data-widget_type=\"text-editor.default\">\n\t\t\t\t<div class=\"elementor-widget-container\">\n\t\t\t\t\t\t\t\t\t<p><strong>Qu\u00e8 s\u00f3n les\u00a0<em>cookies<\/em>?<\/strong><br \/><br \/>Aquest lloc web utilitza\u00a0<em>cookies<\/em>\u00a0i\/o tecnologies similars que emmagatzemen i recuperen informaci\u00f3 quan navegues. En general, aquestes tecnologies poden servir per a finalitats molt diverses, com ara recon\u00e8ixer-te com a usuari, obtenir informaci\u00f3 sobre els teus h\u00e0bits de navegaci\u00f3, o personalitzar la manera com es mostra el contingut. Els usos concrets que fem daquestes tecnologies es descriuen a continuaci\u00f3.<br \/><br \/><strong><em>Cookies<\/em>\u00a0utilitzades en aquest lloc<\/strong><br \/><br \/>Aquest lloc web utilitza\u00a0<em>cookies<\/em>\u00a0pr\u00f2pies i de tercers la finalitat dels quals \u00e9s facilitar la navegaci\u00f3, el seu correcte funcionament i realitzar estad\u00edstiques de les visites dels usuaris.<br \/><br \/>Concretament, aquest lloc web no recull dades de car\u00e0cter personal, tan sols utilitza:<br \/><br \/>\u2013\u00a0<em>Cookies<\/em>\u00a0t\u00e8cniques: s\u00f3n aquelles que permeten a l&#039;usuari la navegaci\u00f3 a trav\u00e9s d&#039;una p\u00e0gina web, plataforma o aplicaci\u00f3 i la utilitzaci\u00f3 de les diferents opcions o serveis que hi hagi com, per exemple, controlar el tr\u00e0nsit i la comunicaci\u00f3 de dades, identificar la sessi\u00f3, accedir a parts d&#039;acc\u00e9s restringit, recordar els elements que integren una comanda, fer el proc\u00e9s de compra d&#039;una comanda, fer la sol\u00b7licitud d&#039;inscripci\u00f3 o participaci\u00f3 en un esdeveniment. o so o compartir continguts a trav\u00e9s de xarxes socials.<br \/><br \/>\u2013\u00a0<em>Cookies<\/em>\u00a0de personalitzaci\u00f3: s\u00f3n aquelles que permeten a l&#039;usuari accedir al servei amb algunes caracter\u00edstiques de car\u00e0cter general predefinides en funci\u00f3 d&#039;una s\u00e8rie de criteris al terminal de l&#039;usuari, com ara l&#039;idioma, el tipus de navegador a trav\u00e9s del qual accedeix al servei, la configuraci\u00f3 regional des d&#039;on accedeix al servei, etc.<br \/><br \/>\u2013\u00a0<em>Cookies<\/em>\u00a0d&#039;an\u00e0lisi: s\u00f3n aquelles que, ben tractades per nosaltres o per tercers, ens permeten quantificar el nombre d&#039;usuaris i, aix\u00ed, realitzar el mesurament i l&#039;an\u00e0lisi estad\u00edstica de la utilitzaci\u00f3 que fan els usuaris del servei ofert. Per aix\u00f2, s&#039;analitza la vostra navegaci\u00f3 a la nostra p\u00e0gina web per tal de millorar l&#039;oferta de productes o serveis que us oferim.<br \/><br \/>Pots permetre, bloquejar o eliminar les\u00a0<em>cookies<\/em>\u00a0instal\u00b7lades al vostre equip mitjan\u00e7ant la configuraci\u00f3 de les opcions del navegador instal\u00b7lat al vostre ordinador, per\u00f2 en aquest cas no garantim el funcionament de la p\u00e0gina.<br \/><br \/><strong>Google Analytics<\/strong><br \/><br \/>Aquest lloc web utilitza Google Analytics, un servei d&#039;an\u00e0lisi web prestat per Google, Inc. (Google). Google Analytics utilitza \u00abcookies\u00bb, que s\u00f3n fitxers de text ubicats a l&#039;ordinador, per a l&#039;ajuda al lloc web per analitzar com els usuaris usen el lloc. La informaci\u00f3 generada per la galeta al lloc web (incloent-hi l&#039;adre\u00e7a IP) ser\u00e0 transmesa i emmagatzemada per Google als servidors dels Estats Units. En cas d&#039;activaci\u00f3 de l&#039;anonimitzaci\u00f3 d&#039;IP, Google truncar\u00e0\/anonimitzar\u00e0 l&#039;\u00faltim octet de l&#039;adre\u00e7a IP per als Estats de la Uni\u00f3 Europea, aix\u00ed com per a altres parts incloses a l&#039;acord sobre l&#039;espai econ\u00f2mic europeu. Nom\u00e9s en casos excepcionals, els servidors de Google als EUA envien i escurcen l&#039;adre\u00e7a IP completa. En nombre del prove\u00efdor del lloc web, Google utilitzar\u00e0 aquesta informaci\u00f3 per avaluar l&#039;\u00fas del web, recopilant informes sobre l&#039;activitat de la p\u00e0gina web per als operadors de llocs web i de la classe de prove\u00efdors de serveis web i l&#039;\u00fas d&#039;Internet al prove\u00efdor del lloc web. Google no associar\u00e0 la vostra adre\u00e7a IP amb cap altra dada en poder de Google.<br \/><br \/>Podeu rebutjar l&#039;\u00fas de\u00a0<em>cookies<\/em>\u00a0seleccionant la configuraci\u00f3 per al navegador. No obstant aix\u00f2, tingueu en compte que tingueu en compte que, si fa aix\u00f2, \u00e9s possible que no pugueu utilitzar la funcionalitat completa d&#039;aquest lloc web.<br \/><br \/>A m\u00e9s, podeu evitar que Google recopili i utilitzi dades (<em>cookies\u00a0<\/em>i adreces IP) descarregant i instal\u00b7lant el complement del navegador disponible a:<br \/><br \/><a href=\"http:\/\/www.google.com\/intl\/es\/policies\/privacy\/\" target=\"_blank\" rel=\"noopener\">http:\/\/www.google.com\/intl\/es\/policies\/privacy\/<\/a><br \/><br \/>Podeu trobar m\u00e9s informaci\u00f3 dels termes i condicions d&#039;\u00fas i la pol\u00edtica de privadesa de les dades a\u00a0<a href=\"http:\/\/www.google.com\/analytics\/Terms\/GB.html\" target=\"_blank\" rel=\"noopener\">http:\/\/www.Google.com\/analytics\/Terms\/GB.html<\/a><br \/><br \/>O a\u00a0<a href=\"http:\/\/www.google.com\/intl\/en_UK\/Analytics\/privacyoverview.html\" target=\"_blank\" rel=\"noopener\">http:\/\/www.Google.com\/intl\/en_UK\/Analytics\/privacyoverview.html<\/a><br \/><br \/>En aquest lloc web, el codi de Google Analytics es complementa amb gat._anonymize IP (); per garantir una col\u00b7lecci\u00f3 an\u00f2nima d&#039;IP (anomenat IP Masquerade).<br \/><br \/>Com a alternativa al complement del navegador, podeu clicar aquest enlla\u00e7 per evitar la recopilaci\u00f3 per Google Analytics en aquest lloc web.<\/p>\t\t\t\t\t\t\t\t<\/div>\n\t\t\t\t<\/div>\n\t\t\t\t\t<\/div>\n\t\t\t\t<\/div>\n\t\t\t\t<\/div>","protected":false},"excerpt":{"rendered":"<p>\u00bfQu\u00e9 son las\u00a0cookies? Este sitio web utiliza\u00a0cookies\u00a0y\/o tecnolog\u00edas similares que almacenan y recuperan informaci\u00f3n cuando navegas. En general, estas tecnolog\u00edas pueden servir para finalidades muy diversas, como, por ejemplo, reconocerte como usuario, obtener informaci\u00f3n sobre tus h\u00e1bitos de navegaci\u00f3n, o personalizar la forma en que se muestra el contenido. Los usos concretos que hacemos de [&hellip;]<\/p>\n","protected":false},"author":1,"featured_media":0,"parent":0,"menu_order":0,"comment_status":"closed","ping_status":"closed","template":"","meta":{"footnotes":""},"class_list":["post-3340","page","type-page","status-publish","hentry"],"_links":{"self":[{"href":"https:\/\/zsbarcelona.com\/ca\/wp-json\/wp\/v2\/pages\/3340","targetHints":{"allow":["GET"]}}],"collection":[{"href":"https:\/\/zsbarcelona.com\/ca\/wp-json\/wp\/v2\/pages"}],"about":[{"href":"https:\/\/zsbarcelona.com\/ca\/wp-json\/wp\/v2\/types\/page"}],"author":[{"embeddable":true,"href":"https:\/\/zsbarcelona.com\/ca\/wp-json\/wp\/v2\/users\/1"}],"replies":[{"embeddable":true,"href":"https:\/\/zsbarcelona.com\/ca\/wp-json\/wp\/v2\/comments?post=3340"}],"version-history":[{"count":4,"href":"https:\/\/zsbarcelona.com\/ca\/wp-json\/wp\/v2\/pages\/3340\/revisions"}],"predecessor-version":[{"id":3344,"href":"https:\/\/zsbarcelona.com\/ca\/wp-json\/wp\/v2\/pages\/3340\/revisions\/3344"}],"wp:attachment":[{"href":"https:\/\/zsbarcelona.com\/ca\/wp-json\/wp\/v2\/media?parent=3340"}],"curies":[{"name":"wp","href":"https:\/\/api.w.org\/{rel}","templated":true}]}}