{"id":3334,"date":"2025-08-27T11:27:49","date_gmt":"2025-08-27T11:27:49","guid":{"rendered":"https:\/\/zsbarcelona.com\/?page_id=3334"},"modified":"2025-08-27T11:30:33","modified_gmt":"2025-08-27T11:30:33","slug":"rechtshinweis-2","status":"publish","type":"page","link":"https:\/\/zsbarcelona.com\/de\/aviso-legal-2\/","title":{"rendered":"Datenschutzbestimmungen"},"content":{"rendered":"<div data-elementor-type=\"wp-page\" data-elementor-id=\"3334\" class=\"elementor elementor-3334\" data-elementor-post-type=\"page\">\n\t\t\t\t<div class=\"elementor-element elementor-element-dc91dd6 e-flex e-con-boxed e-con e-parent\" data-id=\"dc91dd6\" data-element_type=\"container\" data-e-type=\"container\" data-settings=\"{&quot;background_background&quot;:&quot;classic&quot;,&quot;jet_parallax_layout_list&quot;:[]}\">\n\t\t\t\t\t<div class=\"e-con-inner\">\n\t\t\t\t<div class=\"elementor-element elementor-element-6ff1e4a elementor-widget elementor-widget-heading\" data-id=\"6ff1e4a\" data-element_type=\"widget\" data-e-type=\"widget\" data-widget_type=\"heading.default\">\n\t\t\t\t<div class=\"elementor-widget-container\">\n\t\t\t\t\t<h2 class=\"elementor-heading-title elementor-size-default\">Datenschutzbestimmungen<\/h2>\t\t\t\t<\/div>\n\t\t\t\t<\/div>\n\t\t\t\t\t<\/div>\n\t\t\t\t<\/div>\n\t\t<div class=\"elementor-element elementor-element-116f233 e-flex e-con-boxed e-con e-parent\" data-id=\"116f233\" data-element_type=\"container\" data-e-type=\"container\" data-settings=\"{&quot;jet_parallax_layout_list&quot;:[]}\">\n\t\t\t\t\t<div class=\"e-con-inner\">\n\t\t\t\t<div class=\"elementor-element elementor-element-115c282 elementor-widget elementor-widget-text-editor\" data-id=\"115c282\" data-element_type=\"widget\" data-e-type=\"widget\" data-widget_type=\"text-editor.default\">\n\t\t\t\t<div class=\"elementor-widget-container\">\n\t\t\t\t\t\t\t\t\t<p><strong>1. datenschutzrechtliche Bestimmungen<\/strong><\/p><p>Z\u00dcRICH SCHULE BARCELONA, S.L. informiert die Nutzer der Website \u00fcber ihre Politik bez\u00fcglich der Behandlung und des Schutzes der pers\u00f6nlichen Daten von Nutzern und Kunden, die durch das Durchsuchen oder Anfordern von Informationen \u00fcber diese Website erhalten werden k\u00f6nnen, sowie der pers\u00f6nlichen Daten, die sich im Besitz von Z\u00dcRICH SCHULE BARCELONA, S.L. befinden und die durch andere Mittel oder aus anderen Gr\u00fcnden erhalten wurden.<br \/><br \/>In diesem Sinne garantiert Z\u00dcRICH SCHULE BARCELONA, S.L. die Einhaltung der geltenden Vorschriften zum Schutz personenbezogener Daten, die sich in der Allgemeinen Datenschutzverordnung (EU) 2016\/679 und dem Organgesetz 3\/2018 \u00fcber den Datenschutz und die Garantien digitaler Rechte widerspiegeln, und verpflichtet sich zur Vertraulichkeit und Sicherheit der Daten.<\/p><p><strong>F\u00dcR DIE DATENVERARBEITUNG VERANTWORTLICH:<\/strong><\/p><p>Z\u00dcRICH SCHULE BARCELONA, S.L.<br \/>Avinguda de Pearson, 73<br \/>08034 Barcelona<br \/>Telefon: +34 932 037 606<br \/>UMSATZSTEUER-IDENTIFIKATIONSNUMMER: B65531329<\/p><p>Kontaktinformationen f\u00fcr den Datenschutzbeauftragten:\u00a0\u00a0<a href=\"mailto:secretaria@zurichschule.com\">secretaria@zurichschule.com<\/a><br \/><br \/><\/p><p><strong>2. die Erhebung, den Zweck und die Verarbeitung der Daten<\/strong><\/p><p>Z\u00dcRICH SCHULE BARCELONA, S.L. hat die Pflicht, die Nutzer ihrer Website \u00fcber die Erhebung personenbezogener Daten zu informieren, die entweder per E-Mail oder durch Ausf\u00fcllen der auf der Website enthaltenen Formulare erfolgen kann. In diesem Sinne gilt Z\u00dcRICH SCHULE BARCELONA, S.L. als Inhaber der Daten, die mit den oben beschriebenen Mitteln erhoben werden.<br \/><br \/>Im Gegenzug informiert Z\u00dcRICH SCHULE BARCELONA, S.L. die Nutzer dar\u00fcber, dass der Zweck der Verarbeitung der gesammelten Daten darin besteht, die Anfragen der Nutzer zu bearbeiten, sie in die Kontaktliste aufzunehmen, Dienstleistungen zu erbringen und die Gesch\u00e4ftsbeziehung zu verwalten sowie Informationen \u00fcber die erhaltenen Dienstleistungen zu versenden.<br \/><br \/>Ihre Daten werden ordnungsgem\u00e4\u00df aufbewahrt und gegen den Verlust oder die Ver\u00e4nderung der Informationen und den unbefugten Zugriff gesch\u00fctzt, solange die Gesch\u00e4ftsbeziehung besteht und nach deren Beendigung f\u00fcr den Zeitraum, der bis zur Festlegung der Zust\u00e4ndigkeiten erforderlich ist, es sei denn, Sie teilen uns etwas anderes mit und unter der Voraussetzung, dass die geltenden Vorschriften die L\u00f6schung der Daten zulassen.<\/p><p>\u00a0<\/p><p><strong>3. Weitergabe von Informationen an Dritte<\/strong><br \/><br \/>Z\u00dcRICH SCHULE BARCELONA, S.L. informiert die Nutzer dar\u00fcber, dass ihre personenbezogenen Daten nicht an Dritte weitergegeben oder \u00fcbermittelt werden, es sei denn, diese Daten\u00fcbermittlung ist durch eine gesetzliche Verpflichtung gedeckt oder die Erbringung einer Dienstleistung erfordert eine vertragliche Beziehung mit einem Datenverarbeiter, der mit allen Garantien der Allgemeinen Verordnung (EU) 2016\/679 ordnungsgem\u00e4\u00df unter Vertrag genommen wurde.<\/p><p>\u00a0<\/p><p><strong>4. Benutzerrechte<\/strong><br \/><br \/>Die Allgemeine Datenschutzverordnung (EU) 2016\/679 gibt betroffenen Personen die M\u00f6glichkeit, eine Reihe von Rechten im Zusammenhang mit der Verarbeitung ihrer personenbezogenen Daten auszu\u00fcben.<\/p><p><br \/>Unabh\u00e4ngig davon, ob die Daten des Nutzers von Z\u00dcRICH SCHULE BARCELONA, S.L. verarbeitet oder aufbewahrt werden, k\u00f6nnen die Nutzer ihre Rechte auf Zugang, Berichtigung, L\u00f6schung, Widerspruch und Einschr\u00e4nkung der Verarbeitung gem\u00e4\u00df den Bestimmungen der geltenden gesetzlichen Vorschriften zum Schutz personenbezogener Daten aus\u00fcben.<br \/><br \/>Um diese Rechte geltend zu machen, muss sich der Nutzer schriftlich an folgende Adresse wenden: Z\u00dcRICH SCHULE BARCELONA, S.L., Avinguda de Pearson, 73, 08034 Barcelona, oder eine E-Mail an: secretaria@zurichschule.com, wobei er in beiden F\u00e4llen eine Fotokopie des Nachweises seiner Identit\u00e4t (Personalausweis oder Reisepass) beif\u00fcgen muss.<br \/><br \/>Diese Mitteilung muss folgende Angaben enthalten: Vor- und Nachname des Nutzers, Anschrift und unterst\u00fctzende Daten sowie den Antrag auf das Recht, das er aus\u00fcben m\u00f6chte.<br \/><br \/>Die Aus\u00fcbung der Rechte muss durch den Nutzer selbst, seinen Erben oder durch eine als gesetzlicher Vertreter des Berechtigten bevollm\u00e4chtigte Person erfolgen. In diesem Fall m\u00fcssen Unterlagen vorgelegt werden, die diese Vertretung des Betroffenen, die Annahme der Erbschaft oder Vollmachten beglaubigen.<br \/><br \/>Wir informieren Sie auch dar\u00fcber, dass Sie eine Beschwerde bei der spanischen Datenschutzbeh\u00f6rde oder der katalanischen Datenschutzbeh\u00f6rde einreichen k\u00f6nnen, wenn Sie der Meinung sind, dass Ihre Rechte verletzt worden sind.<\/p>\t\t\t\t\t\t\t\t<\/div>\n\t\t\t\t<\/div>\n\t\t\t\t\t<\/div>\n\t\t\t\t<\/div>\n\t\t\t\t<\/div>","protected":false},"excerpt":{"rendered":"<p>1. Pol\u00edtica de privacidad Z\u00dcRICH SCHULE BARCELONA, S.L. informa a los usuarios del sitio web sobre su pol\u00edtica respecto del tratamiento y protecci\u00f3n de los datos de car\u00e1cter personal de los usuarios y clientes que puedan ser recabados por la navegaci\u00f3n o solicitud de informaci\u00f3n a trav\u00e9s de este sitio web, as\u00ed como de los [&hellip;]<\/p>\n","protected":false},"author":1,"featured_media":0,"parent":0,"menu_order":0,"comment_status":"closed","ping_status":"closed","template":"","meta":{"footnotes":""},"class_list":["post-3334","page","type-page","status-publish","hentry"],"_links":{"self":[{"href":"https:\/\/zsbarcelona.com\/de\/wp-json\/wp\/v2\/pages\/3334","targetHints":{"allow":["GET"]}}],"collection":[{"href":"https:\/\/zsbarcelona.com\/de\/wp-json\/wp\/v2\/pages"}],"about":[{"href":"https:\/\/zsbarcelona.com\/de\/wp-json\/wp\/v2\/types\/page"}],"author":[{"embeddable":true,"href":"https:\/\/zsbarcelona.com\/de\/wp-json\/wp\/v2\/users\/1"}],"replies":[{"embeddable":true,"href":"https:\/\/zsbarcelona.com\/de\/wp-json\/wp\/v2\/comments?post=3334"}],"version-history":[{"count":5,"href":"https:\/\/zsbarcelona.com\/de\/wp-json\/wp\/v2\/pages\/3334\/revisions"}],"predecessor-version":[{"id":3339,"href":"https:\/\/zsbarcelona.com\/de\/wp-json\/wp\/v2\/pages\/3334\/revisions\/3339"}],"wp:attachment":[{"href":"https:\/\/zsbarcelona.com\/de\/wp-json\/wp\/v2\/media?parent=3334"}],"curies":[{"name":"wp","href":"https:\/\/api.w.org\/{rel}","templated":true}]}}