{"id":3340,"date":"2025-08-27T11:31:44","date_gmt":"2025-08-27T11:31:44","guid":{"rendered":"https:\/\/zsbarcelona.com\/?page_id=3340"},"modified":"2025-08-27T11:32:04","modified_gmt":"2025-08-27T11:32:04","slug":"cookie-politik","status":"publish","type":"page","link":"https:\/\/zsbarcelona.com\/de\/politica-de-cookies\/","title":{"rendered":"Cookie-Richtlinie"},"content":{"rendered":"<div data-elementor-type=\"wp-page\" data-elementor-id=\"3340\" class=\"elementor elementor-3340\" data-elementor-post-type=\"page\">\n\t\t\t\t<div class=\"elementor-element elementor-element-dc91dd6 e-flex e-con-boxed e-con e-parent\" data-id=\"dc91dd6\" data-element_type=\"container\" data-e-type=\"container\" data-settings=\"{&quot;background_background&quot;:&quot;classic&quot;,&quot;jet_parallax_layout_list&quot;:[]}\">\n\t\t\t\t\t<div class=\"e-con-inner\">\n\t\t\t\t<div class=\"elementor-element elementor-element-6ff1e4a elementor-widget elementor-widget-heading\" data-id=\"6ff1e4a\" data-element_type=\"widget\" data-e-type=\"widget\" data-widget_type=\"heading.default\">\n\t\t\t\t<div class=\"elementor-widget-container\">\n\t\t\t\t\t<h2 class=\"elementor-heading-title elementor-size-default\">Cookie-Richtlinie<\/h2>\t\t\t\t<\/div>\n\t\t\t\t<\/div>\n\t\t\t\t\t<\/div>\n\t\t\t\t<\/div>\n\t\t<div class=\"elementor-element elementor-element-116f233 e-flex e-con-boxed e-con e-parent\" data-id=\"116f233\" data-element_type=\"container\" data-e-type=\"container\" data-settings=\"{&quot;jet_parallax_layout_list&quot;:[]}\">\n\t\t\t\t\t<div class=\"e-con-inner\">\n\t\t\t\t<div class=\"elementor-element elementor-element-115c282 elementor-widget elementor-widget-text-editor\" data-id=\"115c282\" data-element_type=\"widget\" data-e-type=\"widget\" data-widget_type=\"text-editor.default\">\n\t\t\t\t<div class=\"elementor-widget-container\">\n\t\t\t\t\t\t\t\t\t<p><strong>Was sind die\u00a0<em>Cookies<\/em>?<\/strong><br \/><br \/>Diese Website verwendet\u00a0<em>Cookies<\/em>\u00a0und\/oder \u00e4hnliche Technologien, die Informationen speichern und abrufen, wenn Sie surfen. Im Allgemeinen k\u00f6nnen diese Technologien einer Vielzahl von Zwecken dienen, wie z. B. der Erkennung Ihrer Person als Nutzer, dem Erhalt von Informationen \u00fcber Ihre Surfgewohnheiten oder der Anpassung der Art und Weise, in der Inhalte angezeigt werden. Die spezifische Nutzung dieser Technologien durch uns wird im Folgenden beschrieben.<br \/><br \/><strong><em>Cookies<\/em>\u00a0auf dieser Website verwendet<\/strong><br \/><br \/>Diese Website verwendet\u00a0<em>Cookies<\/em>\u00a0Der Zweck dieser Website ist die Erleichterung des Surfens, das korrekte Funktionieren der Website und die Erstellung von Statistiken \u00fcber die Besuche der Nutzer.<br \/><br \/>Auf dieser Website werden keine personenbezogenen Daten gesammelt, sondern nur verwendet:<br \/><br \/>-\u00a0<em>Cookies<\/em>\u00a0technisch: diejenigen, die es dem Nutzer erm\u00f6glichen, auf einer Website, einer Plattform oder einer Anwendung zu navigieren und die verschiedenen darin vorhandenen Optionen oder Dienste zu nutzen, wie z. B. die Steuerung des Datenverkehrs und der Datenkommunikation, die Identifizierung der Sitzung, den Zugang zu Teilen mit eingeschr\u00e4nktem Zugang, die Erinnerung an die Elemente, aus denen eine Bestellung besteht, die Durchf\u00fchrung des Kaufvorgangs einer Bestellung, die Anmeldung zur Registrierung oder die Teilnahme an einer Veranstaltung, die Verwendung von Sicherheitselementen w\u00e4hrend der Navigation, die Speicherung von Inhalten f\u00fcr die Verbreitung von Videos oder Ton oder die gemeinsame Nutzung von Inhalten \u00fcber soziale Netzwerke.<br \/><br \/>-\u00a0<em>Cookies<\/em>\u00a0Personalisierung: Sie erm\u00f6glichen es dem Nutzer, auf den Dienst mit bestimmten allgemeinen Merkmalen zuzugreifen, die anhand einer Reihe von Kriterien im Endger\u00e4t des Nutzers vordefiniert wurden, wie z. B. die Sprache, die Art des Browsers, der f\u00fcr den Zugriff auf den Dienst verwendet wird, die regionale Konfiguration, von der aus auf den Dienst zugegriffen wird, usw.<br \/><br \/>-\u00a0<em>Cookies<\/em>\u00a0Analyse-Cookies: Es handelt sich um Cookies, die von uns oder von Dritten verarbeitet werden und die es uns erm\u00f6glichen, die Anzahl der Nutzer zu quantifizieren und somit die Nutzung des angebotenen Dienstes durch die Nutzer zu messen und statistisch zu analysieren. Zu diesem Zweck wird Ihr Surfverhalten auf unserer Website analysiert, um das Angebot an Produkten und Dienstleistungen zu verbessern.<br \/><br \/>Sie k\u00f6nnen Folgendes zulassen, sperren oder l\u00f6schen\u00a0<em>Cookies<\/em>\u00a0die auf Ihrem Computer installiert sind, indem Sie die Optionen des auf Ihrem Computer installierten Browsers konfigurieren, aber in diesem Fall \u00fcbernehmen wir keine Garantie f\u00fcr das Funktionieren der Seite.<br \/><br \/><strong>Google Analytics<\/strong><br \/><br \/>Diese Website benutzt Google Analytics, einen Webanalysedienst der Google Inc (\"Google\"). Google Analytics verwendet sog. \"Cookies\", Textdateien, die auf Ihrem Computer gespeichert werden und die eine Analyse der Benutzung der Website durch Sie erm\u00f6glichen. Die durch den Cookie erzeugten Informationen \u00fcber Ihre Benutzung dieser Website (einschlie\u00dflich Ihrer IP-Adresse) werden an einen Server von Google in den USA \u00fcbertragen und dort gespeichert. Im Falle der Aktivierung der IP-Anonymisierung wird Google das letzte Oktett der IP-Adresse f\u00fcr Staaten der Europ\u00e4ischen Union sowie f\u00fcr andere Vertragsstaaten des Abkommens \u00fcber den Europ\u00e4ischen Wirtschaftsraum k\u00fcrzen\/anonymisieren. Nur in Ausnahmef\u00e4llen wird die volle IP-Adresse an einen Server von Google in den USA \u00fcbertragen und dort gek\u00fcrzt. Im Auftrag des Betreibers dieser Website wird Google diese Informationen benutzen, um Ihre Nutzung der Website auszuwerten, um Reports \u00fcber die Websiteaktivit\u00e4ten f\u00fcr die Websitebetreiber zusammenzustellen und um weitere mit der Websitenutzung und der Internetnutzung verbundene Dienstleistungen gegen\u00fcber dem Websitebetreiber zu erbringen. Google wird in keinem Fall Ihre IP-Adresse mit anderen Daten, die von Google gespeichert werden, in Verbindung bringen.<br \/><br \/>Sie k\u00f6nnen die Verwendung von\u00a0<em>Cookies<\/em>\u00a0indem Sie die Einstellungen f\u00fcr Ihren Browser w\u00e4hlen. Bitte beachten Sie jedoch, dass Sie in diesem Fall m\u00f6glicherweise nicht die volle Funktionalit\u00e4t dieser Website nutzen k\u00f6nnen.<br \/><br \/>Dar\u00fcber hinaus k\u00f6nnen Sie verhindern, dass Google Daten sammelt und verwendet (<em>Cookies\u00a0<\/em>und IP-Adressen) durch Herunterladen und Installieren des Browser-Plug-ins, das unter folgender Adresse verf\u00fcgbar ist:<br \/><br \/><a href=\"http:\/\/www.google.com\/intl\/es\/policies\/privacy\/\" target=\"_blank\" rel=\"noopener\">http:\/\/www.google.com\/intl\/es\/policies\/privacy\/<\/a><br \/><br \/>Weitere Informationen zu den Nutzungsbedingungen und zum Datenschutz finden Sie unter\u00a0<a href=\"http:\/\/www.google.com\/analytics\/Terms\/GB.html\" target=\"_blank\" rel=\"noopener\">http:\/\/www.Google.com\/analytics\/Terms\/GB.html<\/a><br \/><br \/>Oder in\u00a0<a href=\"http:\/\/www.google.com\/intl\/en_UK\/Analytics\/privacyoverview.html\" target=\"_blank\" rel=\"noopener\">http:\/\/www.Google.com\/intl\/en_UK\/Analytics\/privacyoverview.html<\/a><br \/><br \/>Auf dieser Website wurde der Google Analytics-Code um den Zusatz \"gat._anonymize IP ();\" erweitert, um eine anonymisierte Erfassung von IPs zu gew\u00e4hrleisten (sog. IP-Masquerade).<br \/><br \/>Als Alternative zum Browser-Add-on k\u00f6nnen Sie auf diesen Link klicken, um die Erfassung durch Google Analytics auf dieser Website zu verhindern.<\/p>\t\t\t\t\t\t\t\t<\/div>\n\t\t\t\t<\/div>\n\t\t\t\t\t<\/div>\n\t\t\t\t<\/div>\n\t\t\t\t<\/div>","protected":false},"excerpt":{"rendered":"<p>\u00bfQu\u00e9 son las\u00a0cookies? Este sitio web utiliza\u00a0cookies\u00a0y\/o tecnolog\u00edas similares que almacenan y recuperan informaci\u00f3n cuando navegas. En general, estas tecnolog\u00edas pueden servir para finalidades muy diversas, como, por ejemplo, reconocerte como usuario, obtener informaci\u00f3n sobre tus h\u00e1bitos de navegaci\u00f3n, o personalizar la forma en que se muestra el contenido. Los usos concretos que hacemos de [&hellip;]<\/p>\n","protected":false},"author":1,"featured_media":0,"parent":0,"menu_order":0,"comment_status":"closed","ping_status":"closed","template":"","meta":{"footnotes":""},"class_list":["post-3340","page","type-page","status-publish","hentry"],"_links":{"self":[{"href":"https:\/\/zsbarcelona.com\/de\/wp-json\/wp\/v2\/pages\/3340","targetHints":{"allow":["GET"]}}],"collection":[{"href":"https:\/\/zsbarcelona.com\/de\/wp-json\/wp\/v2\/pages"}],"about":[{"href":"https:\/\/zsbarcelona.com\/de\/wp-json\/wp\/v2\/types\/page"}],"author":[{"embeddable":true,"href":"https:\/\/zsbarcelona.com\/de\/wp-json\/wp\/v2\/users\/1"}],"replies":[{"embeddable":true,"href":"https:\/\/zsbarcelona.com\/de\/wp-json\/wp\/v2\/comments?post=3340"}],"version-history":[{"count":4,"href":"https:\/\/zsbarcelona.com\/de\/wp-json\/wp\/v2\/pages\/3340\/revisions"}],"predecessor-version":[{"id":3344,"href":"https:\/\/zsbarcelona.com\/de\/wp-json\/wp\/v2\/pages\/3340\/revisions\/3344"}],"wp:attachment":[{"href":"https:\/\/zsbarcelona.com\/de\/wp-json\/wp\/v2\/media?parent=3340"}],"curies":[{"name":"wp","href":"https:\/\/api.w.org\/{rel}","templated":true}]}}