{"id":3334,"date":"2025-08-27T11:27:49","date_gmt":"2025-08-27T11:27:49","guid":{"rendered":"https:\/\/zsbarcelona.com\/?page_id=3334"},"modified":"2025-08-27T11:30:33","modified_gmt":"2025-08-27T11:30:33","slug":"legal-notice-2","status":"publish","type":"page","link":"https:\/\/zsbarcelona.com\/en\/aviso-legal-2\/","title":{"rendered":"Privacy Policy"},"content":{"rendered":"<div data-elementor-type=\"wp-page\" data-elementor-id=\"3334\" class=\"elementor elementor-3334\" data-elementor-post-type=\"page\">\n\t\t\t\t<div class=\"elementor-element elementor-element-dc91dd6 e-flex e-con-boxed e-con e-parent\" data-id=\"dc91dd6\" data-element_type=\"container\" data-e-type=\"container\" data-settings=\"{&quot;background_background&quot;:&quot;classic&quot;,&quot;jet_parallax_layout_list&quot;:[]}\">\n\t\t\t\t\t<div class=\"e-con-inner\">\n\t\t\t\t<div class=\"elementor-element elementor-element-6ff1e4a elementor-widget elementor-widget-heading\" data-id=\"6ff1e4a\" data-element_type=\"widget\" data-e-type=\"widget\" data-widget_type=\"heading.default\">\n\t\t\t\t<div class=\"elementor-widget-container\">\n\t\t\t\t\t<h2 class=\"elementor-heading-title elementor-size-default\">Privacy Policy<\/h2>\t\t\t\t<\/div>\n\t\t\t\t<\/div>\n\t\t\t\t\t<\/div>\n\t\t\t\t<\/div>\n\t\t<div class=\"elementor-element elementor-element-116f233 e-flex e-con-boxed e-con e-parent\" data-id=\"116f233\" data-element_type=\"container\" data-e-type=\"container\" data-settings=\"{&quot;jet_parallax_layout_list&quot;:[]}\">\n\t\t\t\t\t<div class=\"e-con-inner\">\n\t\t\t\t<div class=\"elementor-element elementor-element-115c282 elementor-widget elementor-widget-text-editor\" data-id=\"115c282\" data-element_type=\"widget\" data-e-type=\"widget\" data-widget_type=\"text-editor.default\">\n\t\t\t\t<div class=\"elementor-widget-container\">\n\t\t\t\t\t\t\t\t\t<p><strong>1. Privacy Policy<\/strong><\/p><p>Z\u00dcRICH SCHULE BARCELONA, S.L. informs the users of the web site about its policy regarding the treatment and protection of the personal data of users and clients that may be obtained by browsing or requesting information through this web site, as well as the personal data that Z\u00dcRICH SCHULE BARCELONA, S.L. may have obtained by any other means or for any other reason.<br \/><br \/>In this sense, Z\u00dcRICH SCHULE BARCELONA, S.L. guarantees compliance with current regulations on personal data protection, reflected in the General Data Protection Regulation (EU) 2016\/679 and the Organic Law 3\/2018 on Data Protection and Digital Rights Guarantees and states its commitment to data confidentiality and security.<\/p><p><strong>RESPONSIBLE FOR THE TREATMENT:<\/strong><\/p><p>Z\u00dcRICH SCHULE BARCELONA, S.L.<br \/>Avinguda de Pearson, 73<br \/>08034 Barcelona<br \/>Phone: +34 932 037 606<br \/>TAX ID: B65531329<\/p><p>Contact details of the Data Protection Officer:\u00a0\u00a0<a href=\"mailto:secretaria@zurichschule.com\">secretaria@zurichschule.com<\/a><br \/><br \/><\/p><p><strong>2. Collection, purpose and processing of data<\/strong><\/p><p>Z\u00dcRICH SCHULE BARCELONA, S.L. has the duty to inform the users of its website about the collection of personal data that may be carried out, either by sending an e-mail or by filling in the forms included in the website. In this sense, Z\u00dcRICH SCHULE BARCELONA, S.L. shall be considered as Responsible for the treatment of the data collected through the means described above.<br \/><br \/>In turn, Z\u00dcRICH SCHULE BARCELONA, S.L. informs the users that the purpose of the processing of the data collected is to attend the requests made by the users, the inclusion in the contact agenda, the provision of services and the management of the commercial relationship, as well as the sending of information related to the service received.<br \/><br \/>Your data will be duly preserved and protected against loss or alteration of information and unauthorized access while the business relationship exists and, once it is terminated, for the necessary time until the prescription of responsibilities, unless you tell us otherwise and provided that the current regulations allow the deletion of the data.<\/p><p>\u00a0<\/p><p><strong>3. Communication of information to third parties<\/strong><br \/><br \/>Z\u00dcRICH SCHULE BARCELONA, S.L. informs users that their personal data will not be transferred or communicated to third party organizations, with the exception that such transfer of data is covered by a legal obligation or when the provision of a service implies the need for a contractual relationship with a data processor which will have been duly contracted with all the guarantees established by the General Regulation (EU) 2016\/679.<\/p><p>\u00a0<\/p><p><strong>4. User rights<\/strong><br \/><br \/>The General Personal Data Protection Regulation (EU) 2016\/679 grants data subjects the possibility to exercise a number of rights related to the processing of their personal data.<\/p><p><br \/>Whether the user's data is processed or kept by Z\u00dcRICH SCHULE BARCELONA, S.L., users may exercise their rights of access, rectification, deletion, opposition and limitation of processing in accordance with the provisions of current legislation on personal data protection.<br \/><br \/>To exercise these rights, the user must send a written communication to the following address: Z\u00dcRICH SCHULE BARCELONA, S.L., Avinguda de Pearson, 73, 08034 Barcelona, or by sending an e-mail to: secretaria@zurichschule.com, providing a photocopy of the documentation proving his\/her identity (ID card or passport) in both cases.<br \/><br \/>This communication must include the following information: name and surname of the user, the address and supporting data and the request for the right to be exercised.<br \/><br \/>The exercise of rights must be made by the user himself, his heir or by a person authorized as legal representative of the authorized. In this case, documentation must be provided to prove this representation of the interested party, acceptance of the inheritance or powers of attorney.<br \/><br \/>We also inform you that you can file a complaint with the Spanish Data Protection Agency or the Catalan Data Protection Authority if you consider that your rights have been violated.<\/p>\t\t\t\t\t\t\t\t<\/div>\n\t\t\t\t<\/div>\n\t\t\t\t\t<\/div>\n\t\t\t\t<\/div>\n\t\t\t\t<\/div>","protected":false},"excerpt":{"rendered":"<p>1. Pol\u00edtica de privacidad Z\u00dcRICH SCHULE BARCELONA, S.L. informa a los usuarios del sitio web sobre su pol\u00edtica respecto del tratamiento y protecci\u00f3n de los datos de car\u00e1cter personal de los usuarios y clientes que puedan ser recabados por la navegaci\u00f3n o solicitud de informaci\u00f3n a trav\u00e9s de este sitio web, as\u00ed como de los [&hellip;]<\/p>\n","protected":false},"author":1,"featured_media":0,"parent":0,"menu_order":0,"comment_status":"closed","ping_status":"closed","template":"","meta":{"footnotes":""},"class_list":["post-3334","page","type-page","status-publish","hentry"],"_links":{"self":[{"href":"https:\/\/zsbarcelona.com\/en\/wp-json\/wp\/v2\/pages\/3334","targetHints":{"allow":["GET"]}}],"collection":[{"href":"https:\/\/zsbarcelona.com\/en\/wp-json\/wp\/v2\/pages"}],"about":[{"href":"https:\/\/zsbarcelona.com\/en\/wp-json\/wp\/v2\/types\/page"}],"author":[{"embeddable":true,"href":"https:\/\/zsbarcelona.com\/en\/wp-json\/wp\/v2\/users\/1"}],"replies":[{"embeddable":true,"href":"https:\/\/zsbarcelona.com\/en\/wp-json\/wp\/v2\/comments?post=3334"}],"version-history":[{"count":5,"href":"https:\/\/zsbarcelona.com\/en\/wp-json\/wp\/v2\/pages\/3334\/revisions"}],"predecessor-version":[{"id":3339,"href":"https:\/\/zsbarcelona.com\/en\/wp-json\/wp\/v2\/pages\/3334\/revisions\/3339"}],"wp:attachment":[{"href":"https:\/\/zsbarcelona.com\/en\/wp-json\/wp\/v2\/media?parent=3334"}],"curies":[{"name":"wp","href":"https:\/\/api.w.org\/{rel}","templated":true}]}}