{"id":3340,"date":"2025-08-27T11:31:44","date_gmt":"2025-08-27T11:31:44","guid":{"rendered":"https:\/\/zsbarcelona.com\/?page_id=3340"},"modified":"2025-08-27T11:32:04","modified_gmt":"2025-08-27T11:32:04","slug":"cookies-policy","status":"publish","type":"page","link":"https:\/\/zsbarcelona.com\/en\/politica-de-cookies\/","title":{"rendered":"Cookies Policy"},"content":{"rendered":"<div data-elementor-type=\"wp-page\" data-elementor-id=\"3340\" class=\"elementor elementor-3340\" data-elementor-post-type=\"page\">\n\t\t\t\t<div class=\"elementor-element elementor-element-dc91dd6 e-flex e-con-boxed e-con e-parent\" data-id=\"dc91dd6\" data-element_type=\"container\" data-e-type=\"container\" data-settings=\"{&quot;background_background&quot;:&quot;classic&quot;,&quot;jet_parallax_layout_list&quot;:[]}\">\n\t\t\t\t\t<div class=\"e-con-inner\">\n\t\t\t\t<div class=\"elementor-element elementor-element-6ff1e4a elementor-widget elementor-widget-heading\" data-id=\"6ff1e4a\" data-element_type=\"widget\" data-e-type=\"widget\" data-widget_type=\"heading.default\">\n\t\t\t\t<div class=\"elementor-widget-container\">\n\t\t\t\t\t<h2 class=\"elementor-heading-title elementor-size-default\">Cookies Policy<\/h2>\t\t\t\t<\/div>\n\t\t\t\t<\/div>\n\t\t\t\t\t<\/div>\n\t\t\t\t<\/div>\n\t\t<div class=\"elementor-element elementor-element-116f233 e-flex e-con-boxed e-con e-parent\" data-id=\"116f233\" data-element_type=\"container\" data-e-type=\"container\" data-settings=\"{&quot;jet_parallax_layout_list&quot;:[]}\">\n\t\t\t\t\t<div class=\"e-con-inner\">\n\t\t\t\t<div class=\"elementor-element elementor-element-115c282 elementor-widget elementor-widget-text-editor\" data-id=\"115c282\" data-element_type=\"widget\" data-e-type=\"widget\" data-widget_type=\"text-editor.default\">\n\t\t\t\t<div class=\"elementor-widget-container\">\n\t\t\t\t\t\t\t\t\t<p><strong>What are the\u00a0<em>cookies<\/em>?<\/strong><br \/><br \/>This website uses\u00a0<em>cookies<\/em>\u00a0and\/or similar technologies that store and retrieve information when you browse. In general, these technologies may serve a variety of purposes, such as, for example, recognizing you as a user, obtaining information about your browsing habits, or customizing the way content is displayed. The specific uses we make of these technologies are described below.<br \/><br \/><strong><em>Cookies<\/em>\u00a0used in this site<\/strong><br \/><br \/>This website uses\u00a0<em>cookies<\/em>\u00a0own and third parties whose purpose is to facilitate navigation, its proper functioning and perform statistics of user visits.<br \/><br \/>Specifically, this website does not collect personal data, it only uses:<br \/><br \/>-\u00a0<em>Cookies<\/em>\u00a0technical: are those that allow the user to navigate through a website, platform or application and the use of the different options or services that exist in it as, for example, control traffic and data communication, identify the session, access restricted access parts, remember the elements that make up an order, make the buying process of an order, make the application for registration or participation in an event, use security features while browsing, store content for broadcast video or sound or share content through social networks.<br \/><br \/>-\u00a0<em>Cookies<\/em>\u00a0Personalization: these are those that allow the user to access the service with some general characteristics predefined according to a series of criteria in the user's terminal, such as the language, the type of browser used to access the service, the regional configuration from which the service is accessed, etc.<br \/><br \/>-\u00a0<em>Cookies<\/em>\u00a0analysis: are those that, well treated by us or by third parties, allow us to quantify the number of users and thus perform the measurement and statistical analysis of the use made by users of the service offered. To do this, your browsing on our website is analyzed in order to improve the supply of products or services that we offer.<br \/><br \/>You can allow, block or delete\u00a0<em>cookies<\/em>\u00a0installed on your computer by configuring the browser options installed on your computer, but in this case we do not guarantee the operation of the site.<br \/><br \/><strong>Google Analytics<\/strong><br \/><br \/>This website uses Google Analytics, a web analytics service provided by Google, Inc (\"Google\"). Google Analytics uses \"cookies\", which are text files placed on your computer, to help the website analyze how users use the site. The information generated by the cookie on the website (including the IP address) will be transmitted to and stored by Google on servers in the United States. In case of activation of the IP anonymization, Google will truncate\/anonymize the last octet of the IP address for states of the European Union as well as for other parties to the Agreement on the European Economic Area. Only in exceptional cases, Google's servers in the USA send and shorten the full IP address. On behalf of the website provider Google will use this information for the purpose of evaluating your use of the website, compiling reports on website activity for website operators and internet service providers and evaluating your use of the internet at the website provider. Google will not associate your IP address with any other data held by Google.<br \/><br \/>You can refuse the use of\u00a0<em>cookies<\/em>\u00a0by selecting the settings for your browser. However, please note that if you do this, you may not be able to use the full functionality of this website.<br \/><br \/>In addition, you can prevent Google from collecting and using data (<em>cookies\u00a0<\/em>and IP addresses) by downloading and installing the browser plug-in available at:<br \/><br \/><a href=\"http:\/\/www.google.com\/intl\/es\/policies\/privacy\/\" target=\"_blank\" rel=\"noopener\">http:\/\/www.google.com\/intl\/es\/policies\/privacy\/<\/a><br \/><br \/>More information on the terms and conditions of use and the data privacy policy can be found at\u00a0<a href=\"http:\/\/www.google.com\/analytics\/Terms\/GB.html\" target=\"_blank\" rel=\"noopener\">http:\/\/www.Google.com\/analytics\/Terms\/GB.html<\/a><br \/><br \/>Or in\u00a0<a href=\"http:\/\/www.google.com\/intl\/en_UK\/Analytics\/privacyoverview.html\" target=\"_blank\" rel=\"noopener\">http:\/\/www.Google.com\/intl\/en_UK\/Analytics\/privacyoverview.html<\/a><br \/><br \/>On this website, the Google Analytics code is supplemented with \"gat._anonymize IP ();\" to ensure an anonymized IP collection (called IP Masquerade).<br \/><br \/>As an alternative to the browser add-on, you can click this link to prevent collection by Google Analytics on this website.<\/p>\t\t\t\t\t\t\t\t<\/div>\n\t\t\t\t<\/div>\n\t\t\t\t\t<\/div>\n\t\t\t\t<\/div>\n\t\t\t\t<\/div>","protected":false},"excerpt":{"rendered":"<p>\u00bfQu\u00e9 son las\u00a0cookies? Este sitio web utiliza\u00a0cookies\u00a0y\/o tecnolog\u00edas similares que almacenan y recuperan informaci\u00f3n cuando navegas. En general, estas tecnolog\u00edas pueden servir para finalidades muy diversas, como, por ejemplo, reconocerte como usuario, obtener informaci\u00f3n sobre tus h\u00e1bitos de navegaci\u00f3n, o personalizar la forma en que se muestra el contenido. Los usos concretos que hacemos de [&hellip;]<\/p>\n","protected":false},"author":1,"featured_media":0,"parent":0,"menu_order":0,"comment_status":"closed","ping_status":"closed","template":"","meta":{"footnotes":""},"class_list":["post-3340","page","type-page","status-publish","hentry"],"_links":{"self":[{"href":"https:\/\/zsbarcelona.com\/en\/wp-json\/wp\/v2\/pages\/3340","targetHints":{"allow":["GET"]}}],"collection":[{"href":"https:\/\/zsbarcelona.com\/en\/wp-json\/wp\/v2\/pages"}],"about":[{"href":"https:\/\/zsbarcelona.com\/en\/wp-json\/wp\/v2\/types\/page"}],"author":[{"embeddable":true,"href":"https:\/\/zsbarcelona.com\/en\/wp-json\/wp\/v2\/users\/1"}],"replies":[{"embeddable":true,"href":"https:\/\/zsbarcelona.com\/en\/wp-json\/wp\/v2\/comments?post=3340"}],"version-history":[{"count":4,"href":"https:\/\/zsbarcelona.com\/en\/wp-json\/wp\/v2\/pages\/3340\/revisions"}],"predecessor-version":[{"id":3344,"href":"https:\/\/zsbarcelona.com\/en\/wp-json\/wp\/v2\/pages\/3340\/revisions\/3344"}],"wp:attachment":[{"href":"https:\/\/zsbarcelona.com\/en\/wp-json\/wp\/v2\/media?parent=3340"}],"curies":[{"name":"wp","href":"https:\/\/api.w.org\/{rel}","templated":true}]}}